{"id":128,"date":"2020-03-17T22:06:48","date_gmt":"2020-03-17T21:06:48","guid":{"rendered":"http:\/\/www.herzkraftlebenslust.at\/?page_id=128"},"modified":"2022-11-22T19:31:56","modified_gmt":"2022-11-22T18:31:56","slug":"meine-werke","status":"publish","type":"page","link":"https:\/\/www.herzkraftlebenslust.at\/?page_id=128","title":{"rendered":"Seelenworte"},"content":{"rendered":"\t\t<div data-elementor-type=\"wp-page\" data-elementor-id=\"128\" class=\"elementor elementor-128\">\n\t\t\t\t\t\t<section class=\"elementor-section elementor-top-section elementor-element elementor-element-94c546d elementor-section-boxed elementor-section-height-default elementor-section-height-default\" data-id=\"94c546d\" data-element_type=\"section\">\n\t\t\t\t\t\t<div class=\"elementor-container elementor-column-gap-default\">\n\t\t\t\t\t<div class=\"elementor-column elementor-col-50 elementor-top-column elementor-element elementor-element-87e1716\" data-id=\"87e1716\" data-element_type=\"column\">\n\t\t\t<div class=\"elementor-widget-wrap elementor-element-populated\">\n\t\t\t\t\t\t<div class=\"elementor-element elementor-element-0bd39fd elementor-widget elementor-widget-image\" data-id=\"0bd39fd\" data-element_type=\"widget\" data-widget_type=\"image.default\">\n\t\t\t\t<div class=\"elementor-widget-container\">\n\t\t\t\t\t\t\t\t\t\t\t\t\t\t\t<img fetchpriority=\"high\" decoding=\"async\" width=\"690\" height=\"1024\" src=\"https:\/\/www.herzkraftlebenslust.at\/wp-content\/uploads\/2020\/03\/Frau-690x1024.png\" class=\"attachment-large size-large wp-image-200\" alt=\"\" srcset=\"https:\/\/www.herzkraftlebenslust.at\/wp-content\/uploads\/2020\/03\/Frau-690x1024.png 690w, https:\/\/www.herzkraftlebenslust.at\/wp-content\/uploads\/2020\/03\/Frau-202x300.png 202w, https:\/\/www.herzkraftlebenslust.at\/wp-content\/uploads\/2020\/03\/Frau-768x1140.png 768w, https:\/\/www.herzkraftlebenslust.at\/wp-content\/uploads\/2020\/03\/Frau-1035x1536.png 1035w, https:\/\/www.herzkraftlebenslust.at\/wp-content\/uploads\/2020\/03\/Frau-1379x2048.png 1379w, https:\/\/www.herzkraftlebenslust.at\/wp-content\/uploads\/2020\/03\/Frau-e1584833646346.png 302w\" sizes=\"(max-width: 690px) 100vw, 690px\" \/>\t\t\t\t\t\t\t\t\t\t\t\t\t\t\t<\/div>\n\t\t\t\t<\/div>\n\t\t\t\t\t<\/div>\n\t\t<\/div>\n\t\t\t\t<div class=\"elementor-column elementor-col-50 elementor-top-column elementor-element elementor-element-a609c67\" data-id=\"a609c67\" data-element_type=\"column\">\n\t\t\t<div class=\"elementor-widget-wrap elementor-element-populated\">\n\t\t\t\t\t\t<div class=\"elementor-element elementor-element-55a8332 elementor-widget elementor-widget-text-editor\" data-id=\"55a8332\" data-element_type=\"widget\" data-widget_type=\"text-editor.default\">\n\t\t\t\t<div class=\"elementor-widget-container\">\n\t\t\t\t\t\t\t\t\t<div data-vc-ignore-dynamic=\"1\"><div><div data-testid=\"post_message\" data-ft=\"{\"><div><h4>\u00a0<\/h4><h4>Wortzauber<\/h4><p>Wenn die Erde zu dir spricht: \u201eIch bin in dir, sowie du in mir,<br \/>auch bin ich in jedem Tier. Ich bin in jedem Baum, in jedem Blatt, <br \/>auch bin ich im Wind, sowie in jedem Kind.<br \/>Im Wasser bin ich und im Regen, jeder Teil von mir ist ein Segen.<br \/>Sp\u00fcr ganz tief in dich hinein, denn auch dort bin ich verborgen, <br \/>darum mach dir keine Sorgen. \u201eAlles\u201c ist in mir und \u201eAlles\u201c ist in dir.<br \/>Mein Klima ist auch dein Klima. Mein Erdenkind sei dir gewiss:<br \/>Das Klima zwischen euch Menschen stimmt nicht, lass rein in dein Herz wieder Licht.<br \/>Ich sp\u00fcr wie du die Liebe vermisst, dennoch bin ich Liebe sowie auch du Liebe bist.<br \/>Es ist f\u00fcr dich wie ein Verzicht, das war nie deine Pflicht.<br \/>Nimm sie an mein Kind meine Liebe und gib sie unaufh\u00f6rlich weiter,<br \/>denn nur das macht mich wieder heiter.<br \/>Heil dich selbst, so heilst du mich.<br \/>(Irene Maria 2019)<\/p><\/div><div><p>Atme, atme ein, atme aus, bald bist du bei dir selbst Zuhaus. Verweile hier in Mutter Erdes Scho\u00df, lass all deine Sorge los. Dein Geist wird\u2018s dir danken, denn im Flu\u00df des Lebens gibt\u2018s kein wanken.<br \/>Mit festem Stand und freiem Willen, kamst du hier auf Erden um Sch\u00f6pfer zu spielen.<br \/>W\u00e4hle weise und mit Bedacht, Schritt f\u00fcr Schritt gib auf dich acht.<br \/>Wohin dieser Weg dich f\u00fchrt, damit er auch dein Herz ber\u00fchrt.<br \/>(Irene Maria 2019)<\/p><p>Ich dreh, dreh mich im Kreis, ganz auf meine eigene Weis.<br \/>Golden mein Gewandt verzaubert und unerkannt.<br \/>Der Blick gebannt, auf jenes vergessne Zauberland.<br \/>Breite aus deine Schwingen. Ph\u00f6nix flieg, flieg es wird dir gelingen.<br \/>Hoch hinauf ins Firmament, dorthin wo man dich bereits kennt.<br \/>Tauch tief und tiefer ein in der Sonne Strahl, hol dir zur\u00fcck all dein gesegnet Potenzial.<br \/>Streb fortan nach Freud und Lieb, denn nur das ist das g\u00f6ttliche Prinzip.<br \/>(Irene Maria 2019)<\/p><p>Verzaubert vom Sinnbild des Seins.<br \/>Umschmeichelt vom zarten Hauch des Windes.<br \/>Liebevoll gek\u00fcsst von der Sonne w\u00e4rmend Strahl.<br \/>Empor gehoben von unsrer Erd geborgner Kraft.<br \/>Weiterbewegt durch des Wassers treibend Fluss.<br \/>Glitzer, Zauber, Sternenmeer.<br \/>Unendlichkeit der F\u00fclle immer dar, <br \/>denn in Dir ist das Himmelreich.<br \/>(Irene Maria 2019)<\/p><p>Bet\u00f6rt von den berauschenden Kl\u00e4ngen deines pulsierenden Herzens.<br \/>Belebt durch jeden sorgsam bedachten Schritt auf deiner verwundeten Haut.<br \/>Benommen von dem zarten Duft deiner hervorkeimenden Bl\u00fcten.<br \/>Wild, sanft, bewegt, still, rauschend, ruhend, tosend, besonnen, prickelnd, beseelt.<br \/>Du lebst, du atmest, du f\u00fchlst. Dein Herz brennt.<br \/>Dein stummer Schrei l\u00e4sst dich beben.<br \/>Mei Erd, mei Herz auf dir geh I, auf dir steh I, von dir leb I, durch di lieb I.<br \/>(Irene Maria 2019)<\/p><\/div><\/div><div data-ft=\"{\">Lass es zu bleib offen, genie\u00dfe es zu glauben und zu hoffen.<br \/>Kein Blick zur\u00fcck, nimm an das gro\u00dfe Gl\u00fcck.<br \/>Fortan in schnellen Schritten kehrst du heimw\u00e4rts\u00a0\u00a0\u00a0\u00a0\u00a0\u00a0\u00a0\u00a0\u00a0\u00a0\u00a0\u00a0\u00a0\u00a0\u00a0\u00a0\u00a0<\/div><div data-ft=\"{\">zu Deinem wahren Wesen, bist bereit um Deinen Seelenweg zu lesen.<br \/>Geheilt sind all Deine Wunden, Dein Herz ist heil und mit Dir selbst verbunden.<br \/>(Irene Maria 2019)<\/div><div>\u00a0<\/div><\/div><\/div><div><form action=\"\/ajax\/ufi\/modify.php\" method=\"post\" data-ft=\"{\"><div><div>Oh Menschenkind, oh Menschenkind <br \/>sieh doch die Sternlein im Dunkel sie leuchten so hell.<br \/>Die Mondin strahlt zu Dir hernieder verbunden mit deiner Seel ganz schnell.<br \/>Welch Glanz, welch funkeln, welch Magie.<br \/>Eins sein mit der Unendlichkeit der Galaxie.<br \/>Lass sie nun ziehen die dunklen Schatten,<\/div><div>die grauen Wolken der Vergangenheit. Sei bereit und werde weit.<br \/>Wandle sie und l\u00f6se dich von der alten Wahrheit.<br \/>Besinne dich auf eine viel bewusstere Klarheit.<br \/>Eins Sein mit Allem was ist, was war, was sein wird.<br \/>Kein Mensch mehr der sich im Nebel verirrt.<br \/>Vergib, werd sanft und weich erst dann bist du im K\u00f6nigreich.<br \/>(Irene Maria 2019)<\/div><\/div><div>\u00a0<\/div><p>Lieber Mann, liebe Frau,<\/p><\/form><\/div><p>wann sind wir bereit unsere Herzen von den Fesseln der Dualit\u00e4t zu befreien?<br \/>Erkennen wir an, dass \u201eAlles\u201c in uns vereint ist?<br \/>Rei\u00dfen wir alle Mauer der Trennung nieder, welche mich in meine ureigene weibliche Kraft, in meine volle Liebesf\u00e4higkeit, Selbstakzeptanz und Selbstanerkennung tragen und dich in deine ureigene m\u00e4nnliche Kraft, in deine volle Liebesf\u00e4higkeit, Selbstakzeptanz und Selbstanerkennung.<br \/>Erkenne und wisse deine m\u00e4nnliche Kraft ist genauso in mir verankert als auch meine weibliche Kraft in dir verankert ist. <br \/>Alles ist \u201eEins\u201c. \u201eWir sind Eins.\u201c <br \/>Unsere ureigene Essenz, unser reines \u201eIch bin\u201c in voller Kraft zu erfassen und uns selbst in\u00a0 bedingungsloser Liebe zu empfangen. Ich erkenne deine \u201eGotteskraft\u201c an, so wie du meine \u201eG\u00f6ttinnenkraft\u201c anerkennst. Nur gemeinsam k\u00f6nnen wir unsere m\u00e4nnlichen und weiblichen Aspekte vereinen und erheben uns in ein neues \u201eSein\u201c.<br \/>(Irene Maria 2020)<\/p><p>\u201eZeit des Wandels\u201c<\/p><p>Wenn man jedes Tier, jeden Mensch, ja auch jedes Blatt im Wind als Helfer erkennt. Seine Botschaft und Medizin nicht mehr trennt.<br \/>Ob Schmerz, ob Freud mit Demut und Dank,<br \/>die nicht gesprochenen Worte vernimmt.<br \/>Keine Zeit mehr verrinnt, denn jetzt bist du ganz und gar \u201eSelbstbestimmt\u201c. Altes Zeitalter, alter Schmerz. Bl\u00fchende, wachsende Knospen, treibende, junge B\u00e4ume tragen mich voller Leichtigkeit, Freude und F\u00fclle in die neue Ebene des \u201eSeins\u201c.<br \/>(Irene Maria 2019)<\/p><div data-testid=\"post_message\" data-ft=\"{\"><div><p>&#8222;Transformation&#8220;<\/p><p>So wie ein Teil meiner Krafttiere sich Ihren wohlverdienten Winterschlaf g\u00f6nnen, zieh auch ich mich mehr und mehr zur\u00fcck.<br \/>Aktiv und produktiv \u00fcber\u2019s Jahr geistige Nahrung gesammelt, sehn ich mich sehr nach Stille, Ruhe und R\u00fcckzug. Die Raupe verpuppt sich in ihrem Kokon,<br \/>gen\u00fcgt sich selbst und beginnt all die vielen Erkenntnisse, die neuen<br \/>spirituellen Werkzeug, Weggef\u00e4hrten und Kraftgegenst\u00e4nde f\u00fcr sich zu<br \/>nutzen und lehrt sich selbst damit umzugehen.<br \/>Ein immerw\u00e4hrender Prozess des Wachsens, sich entwickeln, sich erneuern und des Reifens beginnt und wird sodann im Fr\u00fchling <br \/>zur Vollendung gebracht, wenn der Schmetterling in allersch\u00f6nster Farbenpracht erstrahlt. <br \/>In blaues, violettes und silbernes Licht getaucht aus einer erh\u00f6hten Schwingungsebene empor gleitet.<br \/>Fortan in voller Herzenskraft erbl\u00fcht, alles und jeden ber\u00fchrt, inspiriert, leuchtet, lebt und liebt.<br \/>(Irene Maria 2018)<\/p><\/div><\/div><p>Es ist an der Zeit eine Kerze zu entz\u00fcnden.<br \/>Den Blick nach Innen zu richten, ganz still zu werden.<br \/>In liebevoller und dankbarer Demut meiner Ahnen zu gedenken.<br \/>Jeder Schritt den ich wage immer st\u00e4rker dem Ruf meines Herzens, meiner Seele zu folgen, zu vertrauen, immer weiter zu gehen, war und ist seit jeher beh\u00fctet und getragen.<br \/>All die Schmerzen, die Verletzungen vergangener Tage liebevoll zu umarmen, anzunehmen, loszulassen, um fortan im bereichernden Fluss des Lebens zu schwimmen.<br \/>Dieses Spiel jederzeit auf\u2018s Neue zu Bejahen und zu erkennen, dass all Dies einem gr\u00f6\u00dferem Ganzen dient.<br \/>Jeder auch noch so kleine Schritt wird irgendwann zu einem schmalen Pfad erbl\u00fchen, welcher jetzt ganz einfach und leicht begehbar ist.<br \/>(Irene Maria 2018)<\/p><p>\u201eOh du Wunder, oh du meine Liebe\u201c<br \/>Endlich hab ich dich gefunden, endlich darf es sein.<br \/>Wie im M\u00e4rchen so ein Zauber, ach wie ist das fein.<br \/>Ich liebe dich, ja dich allein. So unschuldig und rein darf diese Liebe sein.<br \/>Nach langer Suche, nach langem Flehen hab ich dich so richtig gesehen.<br \/>Voller Schutt und Asche ganz verstaubt und gebrochen,<br \/>bist du nun aus deinem dunklen Loch gekrochen.<br \/>Erbl\u00fchen darfst du an meiner Seite, fortan f\u00fchlst du dich nicht mehr klein.<br \/>Umsorgt, gen\u00e4hrt, geachtet wirst du von mir nun immer sein.<br \/>Oh du Wunder, oh du meine Liebe.<br \/>Ich danke mir! <br \/>Ich liebe mich!<br \/>(Irene Maria 2018)<\/p><p>Sei das Feuer das brennt und niemals erlischt,<br \/>sodass sich diese Flamme mit den Herzen der Menschen vermischt.<br \/>Verbreite auf der Erde dieses g\u00f6ttliche Licht<br \/>ganz im Vertrauen und voller Zuversicht.<br \/>Wiege dich in diesem geborgenen Scho\u00df.<br \/>Mach auf dein Herz und teile die Liebe ausnahmslos.<br \/>(Irene Maria 2020)<\/p><p>\u201eIn unseren Wunden liegt der Samen\u201c<\/p><p>Wenn sich unsere inneren Stimmen erheben,<br \/>es uns r\u00fcttelt und sch\u00fcttelt eine enorme Kraft alles bisherige niederrafft.<br \/>Damit einen neuen Weg erschafft, dorthin zu sehen, wo unserer Seele leid wiederfahren, dorthin zu gehen, wo der Schmerz vergangener Tage liegt tief begraben.<br \/>Schon oft geglaubt jetzt ist es gut, jetzt sind wir heil. <br \/>Wieder und wieder erkannt es war nur ein winziger Teil.<br \/>Doch selbst dieses kleine Gl\u00fcck, welches tief in unserer Seele wurzelt, <br \/>f\u00fcgt sich St\u00fcck f\u00fcr St\u00fcck in ein von uns selbst gesponnenes Seelenkleid <br \/>und wandelt all unser verronnenes Leid.<br \/>Sch\u00f6ner und verletzlicher denn je, darf es nun in neuer Pracht erscheinen.<br \/>All unsere Tr\u00e4nen werden sich vereinen, wir m\u00fcssen nicht mehr weinen.<br \/>Wenn wir uns \u201eEinen\u201c und zeigen mit Stolz unser \u201ewahres Gesicht\u201c, <br \/>so k\u00f6nnen wir strahlen mit verbundener Kraft in einem allumfassenden \u201eLicht\u201c.<br \/>(Irene Maria 2018)<\/p><div>\u00a0<\/div><div>\u00a0<\/div><div>\u00a0<\/div><div>\u00a0<\/div>\t\t\t\t\t\t\t\t<\/div>\n\t\t\t\t<\/div>\n\t\t\t\t\t<\/div>\n\t\t<\/div>\n\t\t\t\t\t<\/div>\n\t\t<\/section>\n\t\t\t\t<section class=\"elementor-section elementor-top-section elementor-element elementor-element-e3c93ed elementor-section-boxed elementor-section-height-default elementor-section-height-default\" data-id=\"e3c93ed\" data-element_type=\"section\">\n\t\t\t\t\t\t<div class=\"elementor-container elementor-column-gap-default\">\n\t\t\t\t\t<div class=\"elementor-column elementor-col-33 elementor-top-column elementor-element elementor-element-98236eb\" data-id=\"98236eb\" data-element_type=\"column\">\n\t\t\t<div class=\"elementor-widget-wrap elementor-element-populated\">\n\t\t\t\t\t\t<div class=\"elementor-element elementor-element-e2a8742 elementor-view-default elementor-widget elementor-widget-icon\" data-id=\"e2a8742\" data-element_type=\"widget\" data-widget_type=\"icon.default\">\n\t\t\t\t<div class=\"elementor-widget-container\">\n\t\t\t\t\t\t\t<div class=\"elementor-icon-wrapper\">\n\t\t\t<div class=\"elementor-icon\">\n\t\t\t<i aria-hidden=\"true\" class=\"far fa-copyright\"><\/i>\t\t\t<\/div>\n\t\t<\/div>\n\t\t\t\t\t\t<\/div>\n\t\t\t\t<\/div>\n\t\t\t\t\t<\/div>\n\t\t<\/div>\n\t\t\t\t<div class=\"elementor-column elementor-col-66 elementor-top-column elementor-element elementor-element-04b617a\" data-id=\"04b617a\" data-element_type=\"column\">\n\t\t\t<div class=\"elementor-widget-wrap elementor-element-populated\">\n\t\t\t\t\t\t<div class=\"elementor-element elementor-element-2ab25f4 elementor-widget elementor-widget-text-editor\" data-id=\"2ab25f4\" data-element_type=\"widget\" data-widget_type=\"text-editor.default\">\n\t\t\t\t<div class=\"elementor-widget-container\">\n\t\t\t\t\t\t\t\t\t<p><span style=\"color: #000000;\">Copyright 2022 Irene Maria Wagner<br \/><\/span><\/p><p><span style=\"color: #000000;\">All Rights Reserved.<\/span><\/p><p><span style=\"color: #000000;\">\u00a0<\/span><\/p>\t\t\t\t\t\t\t\t<\/div>\n\t\t\t\t<\/div>\n\t\t\t\t\t<\/div>\n\t\t<\/div>\n\t\t\t\t\t<\/div>\n\t\t<\/section>\n\t\t\t\t<\/div>\n\t\t","protected":false},"excerpt":{"rendered":"<p>\u00a0 Wortzauber Wenn die Erde zu dir spricht: \u201eIch bin in dir, sowie du in mir,auch bin ich in jedem Tier. Ich bin in jedem Baum, in jedem Blatt, auch bin ich im Wind, sowie in jedem Kind.Im Wasser bin ich und im Regen, jeder Teil von mir ist ein Segen.Sp\u00fcr ganz tief in dich [&hellip;]<\/p>\n","protected":false},"author":2,"featured_media":0,"parent":0,"menu_order":6,"comment_status":"closed","ping_status":"closed","template":"","meta":{"footnotes":""},"class_list":["post-128","page","type-page","status-publish","hentry"],"_links":{"self":[{"href":"https:\/\/www.herzkraftlebenslust.at\/index.php?rest_route=\/wp\/v2\/pages\/128","targetHints":{"allow":["GET"]}}],"collection":[{"href":"https:\/\/www.herzkraftlebenslust.at\/index.php?rest_route=\/wp\/v2\/pages"}],"about":[{"href":"https:\/\/www.herzkraftlebenslust.at\/index.php?rest_route=\/wp\/v2\/types\/page"}],"author":[{"embeddable":true,"href":"https:\/\/www.herzkraftlebenslust.at\/index.php?rest_route=\/wp\/v2\/users\/2"}],"replies":[{"embeddable":true,"href":"https:\/\/www.herzkraftlebenslust.at\/index.php?rest_route=%2Fwp%2Fv2%2Fcomments&post=128"}],"version-history":[{"count":56,"href":"https:\/\/www.herzkraftlebenslust.at\/index.php?rest_route=\/wp\/v2\/pages\/128\/revisions"}],"predecessor-version":[{"id":876,"href":"https:\/\/www.herzkraftlebenslust.at\/index.php?rest_route=\/wp\/v2\/pages\/128\/revisions\/876"}],"wp:attachment":[{"href":"https:\/\/www.herzkraftlebenslust.at\/index.php?rest_route=%2Fwp%2Fv2%2Fmedia&parent=128"}],"curies":[{"name":"wp","href":"https:\/\/api.w.org\/{rel}","templated":true}]}}